{"id":14180,"date":"2022-11-25T12:45:32","date_gmt":"2022-11-25T11:45:32","guid":{"rendered":"https:\/\/koester-personal.de\/stellenangebote\/"},"modified":"2024-08-14T08:38:19","modified_gmt":"2024-08-14T06:38:19","slug":"vacancies","status":"publish","type":"page","link":"https:\/\/koester-personal.de\/en\/vacancies\/","title":{"rendered":"Vacancies"},"content":{"rendered":"<section class=\"l-section wpb_row height_auto\"><div class=\"l-section-h i-cf\"><div class=\"g-cols vc_row via_flex valign_top type_default stacking_default\"><div class=\"vc_col-sm-12 wpb_column vc_column_container\"><div class=\"vc_column-inner\"><div class=\"wpb_wrapper\"><div class=\"w-separator hide_on_tablets hide_on_mobiles size_huge\"><\/div><div class=\"w-separator hide_on_default hide_on_laptops size_large\"><\/div><\/div><\/div><\/div><div class=\"vc_col-sm-12 vc_col-lg-6 vc_col-md-6 wpb_column vc_column_container\"><div class=\"vc_column-inner us_custom_a61e2493\"><div class=\"wpb_wrapper\"><div class=\"wpb_text_column us_custom_4f51c9fb hide_on_tablets\"><div class=\"wpb_wrapper\"><h2>&#8220;Mentally on the move&#8221;<\/h2>\n<\/div><\/div><div class=\"wpb_text_column us_custom_4f51c9fb hide_on_default hide_on_laptops hide_on_mobiles\"><div class=\"wpb_wrapper\"><h2>&#8220;Mentally on the move&#8221;<\/h2>\n<\/div><\/div><div class=\"w-separator size_custom\" style=\"height:1px\"><\/div><\/div><\/div><\/div><div class=\"vc_col-sm-12 vc_col-lg-6 vc_col-md-6 wpb_column vc_column_container\"><div class=\"vc_column-inner\"><div class=\"wpb_wrapper\"><div class=\"wpb_text_column\"><div class=\"wpb_wrapper\"><h5>Your openness to a job change pleases us and our customers.<\/h5>\n<\/div><\/div><div class=\"wpb_text_column us_custom_50c6505f\"><div class=\"wpb_wrapper\"><p>No or few opportunities for advancement and a salary that is too low? We can help! The<br \/>\nprospect of a new employer is appealing. Find out more about part-time and home office<br \/>\n(remote) and send an unsolicited application to Mr. K\u00f6ster.<\/p>\n<\/div><\/div><div class=\"w-btn-wrapper align_none\"><a class=\"w-btn us-btn-style_32 icon_atright\" title=\"Initiative Bewerbung\" href=\"https:\/\/koester-personal.de\/en\/for-applicants\/speculative-application\/\"><span class=\"w-btn-label\">speculative application<\/span><i class=\"fad fa-long-arrow-right\"><\/i><\/a><\/div><\/div><\/div><\/div><\/div><\/div><\/section><section class=\"l-section wpb_row height_auto\"><div class=\"l-section-h i-cf\"><div class=\"g-cols vc_row via_flex valign_top type_default stacking_default\"><div class=\"vc_col-sm-12 wpb_column vc_column_container\"><div class=\"vc_column-inner\"><div class=\"wpb_wrapper\"><div class=\"w-separator size_medium\"><\/div><div class=\"w-separator size_small\"><\/div><div class=\"w-grid type_grid layout_11317 cols_3 overflow_hidden\" id=\"us_grid_1\" data-filterable=\"true\"><style>#us_grid_1 .w-grid-item{padding:1.5rem}#us_grid_1 .w-grid-list{margin:-1.5rem -1.5rem 1.5rem}.w-grid + #us_grid_1 .w-grid-list,.w-grid-none + #us_grid_1 .w-grid-list{margin-top:1.5rem}@media (max-width:899px){#us_grid_1 .w-grid-item{width:50%}}@media (max-width:599px){#us_grid_1 .w-grid-list{margin:0}#us_grid_1 .w-grid-item{width:100%;padding:0;margin-bottom:1.5rem}}.layout_11317 .w-grid-item-h{background:var(--color-content-bg);color:var(--color-content-text);border-radius:1.1rem;box-shadow:0 0.03rem 0.06rem rgba(0,0,0,0.1),0 0.1rem 0.3rem rgba(0,0,0,0.1);transition-duration:0.3s}.no-touch .layout_11317 .w-grid-item-h:hover{box-shadow:0 0.1rem 0.2rem rgba(0,0,0,0.1),0 0.33rem 1rem rgba(0,0,0,0.15);z-index:4}.layout_11317 .usg_post_image_1{transition-duration:0.3s;transform-origin:50% 50%;transform:scale(1) translate(0%,0%)}.layout_11317 .w-grid-item-h:hover .usg_post_image_1{transform:scale(1.04) translate(0%,0%);opacity:1}.layout_11317 .usg_vwrapper_1{padding:2rem!important}.layout_11317 .usg_btn_1{margin-top:20px!important}<\/style><div class=\"w-grid-list\">\t<article class=\"w-grid-item size_1x1 post-14287 post type-post status-publish format-standard has-post-thumbnail hentry category-stellenangebote-en\" data-id=\"14287\">\r\n\t\t<div class=\"w-grid-item-h\">\r\n\t\t\t\t\t\t<div class=\"w-post-elm post_image usg_post_image_1 has_ratio\"><div style=\"padding-bottom:75%\"><\/div><a href=\"https:\/\/koester-personal.de\/en\/project-engineer-medical-modules-in-hamburg\/\" aria-label=\"Project Engineer Medical Modules in Hamburg\"><img loading=\"lazy\" decoding=\"async\" width=\"1024\" height=\"683\" src=\"https:\/\/koester-personal.de\/wp-content\/uploads\/2023\/05\/iStock-1440022372-1024x683.jpg\" class=\"attachment-large size-large wp-post-image\" alt=\"\" srcset=\"https:\/\/koester-personal.de\/wp-content\/uploads\/2023\/05\/iStock-1440022372-1024x683.jpg 1024w, https:\/\/koester-personal.de\/wp-content\/uploads\/2023\/05\/iStock-1440022372-300x200.jpg 300w\" sizes=\"auto, (max-width: 1024px) 100vw, 1024px\" \/><\/a><\/div><div class=\"w-vwrapper usg_vwrapper_1 align_left valign_top\"><h5 class=\"w-post-elm post_title usg_post_title_1 entry-title color_link_inherit\"><a href=\"https:\/\/koester-personal.de\/en\/project-engineer-medical-modules-in-hamburg\/\">Project Engineer Medical Modules in Hamburg<\/a><\/h5><div class=\"w-post-elm post_content usg_post_content_1\">Ihre praktische Erfahrung viele technische Herausforderungen zu meistern, k\u00f6nnten Sie auch bei meinem Kunden in der weltweiten Katastrophenhilfe einsetzen. Es&hellip;<\/div><a class=\"w-btn us-btn-style_17 usg_btn_1 icon_atright\" href=\"https:\/\/koester-personal.de\/en\/project-engineer-medical-modules-in-hamburg\/\"><span class=\"w-btn-label\">Mehr lesen<\/span><i class=\"fad fa-long-arrow-right\"><\/i><\/a><\/div>\t\t<\/div>\r\n\t<\/article>\r\n\t<article class=\"w-grid-item size_1x1 post-14286 post type-post status-publish format-standard has-post-thumbnail hentry category-stellenangebote-en\" data-id=\"14286\">\r\n\t\t<div class=\"w-grid-item-h\">\r\n\t\t\t\t\t\t<div class=\"w-post-elm post_image usg_post_image_1 has_ratio\"><div style=\"padding-bottom:75%\"><\/div><a href=\"https:\/\/koester-personal.de\/en\/mitarbeiter-it-systemintegration-in-der-branche-die-leben-rettet\/\" aria-label=\"Mitarbeiter IT Systemintegration in der Branche die Leben rettet !\"><img loading=\"lazy\" decoding=\"async\" width=\"1024\" height=\"681\" src=\"https:\/\/koester-personal.de\/wp-content\/uploads\/2023\/01\/iStock-1139054671-1-1024x681.jpg\" class=\"attachment-large size-large wp-post-image\" alt=\"\" srcset=\"https:\/\/koester-personal.de\/wp-content\/uploads\/2023\/01\/iStock-1139054671-1-1024x681.jpg 1024w, https:\/\/koester-personal.de\/wp-content\/uploads\/2023\/01\/iStock-1139054671-1-300x200.jpg 300w\" sizes=\"auto, (max-width: 1024px) 100vw, 1024px\" \/><\/a><\/div><div class=\"w-vwrapper usg_vwrapper_1 align_left valign_top\"><h5 class=\"w-post-elm post_title usg_post_title_1 entry-title color_link_inherit\"><a href=\"https:\/\/koester-personal.de\/en\/mitarbeiter-it-systemintegration-in-der-branche-die-leben-rettet\/\">Mitarbeiter IT Systemintegration in der Branche die Leben rettet !<\/a><\/h5><div class=\"w-post-elm post_content usg_post_content_1\">die Weiterentwicklung der internen IT-Infrastruktur sowie ein eigenverantwortliches Arbeiten im 1st und 2nd Level-Support kann ich Ihnen in Hamburg Alsterdorf&hellip;<\/div><a class=\"w-btn us-btn-style_17 usg_btn_1 icon_atright\" href=\"https:\/\/koester-personal.de\/en\/mitarbeiter-it-systemintegration-in-der-branche-die-leben-rettet\/\"><span class=\"w-btn-label\">Mehr lesen<\/span><i class=\"fad fa-long-arrow-right\"><\/i><\/a><\/div>\t\t<\/div>\r\n\t<\/article>\r\n\t<article class=\"w-grid-item size_1x1 post-14285 post type-post status-publish format-standard has-post-thumbnail hentry category-stellenangebote-en\" data-id=\"14285\">\r\n\t\t<div class=\"w-grid-item-h\">\r\n\t\t\t\t\t\t<div class=\"w-post-elm post_image usg_post_image_1 has_ratio\"><div style=\"padding-bottom:75%\"><\/div><a href=\"https:\/\/koester-personal.de\/en\/referatsleitung-controlling-in-hamburg-healthcare\/\" aria-label=\"Referatsleitung Controlling in Hamburg, HealthCare\"><img loading=\"lazy\" decoding=\"async\" width=\"1024\" height=\"683\" src=\"https:\/\/koester-personal.de\/wp-content\/uploads\/2023\/01\/istockphoto-1352105664-1024x1024-1.jpg\" class=\"attachment-large size-large wp-post-image\" alt=\"\" srcset=\"https:\/\/koester-personal.de\/wp-content\/uploads\/2023\/01\/istockphoto-1352105664-1024x1024-1.jpg 1024w, https:\/\/koester-personal.de\/wp-content\/uploads\/2023\/01\/istockphoto-1352105664-1024x1024-1-300x200.jpg 300w\" sizes=\"auto, (max-width: 1024px) 100vw, 1024px\" \/><\/a><\/div><div class=\"w-vwrapper usg_vwrapper_1 align_left valign_top\"><h5 class=\"w-post-elm post_title usg_post_title_1 entry-title color_link_inherit\"><a href=\"https:\/\/koester-personal.de\/en\/referatsleitung-controlling-in-hamburg-healthcare\/\">Referatsleitung Controlling in Hamburg, HealthCare<\/a><\/h5><div class=\"w-post-elm post_content usg_post_content_1\">ich biete Ihnen eine Menge fach\u00fcbergreifender Aufgaben im Bereich Controlling in einem wachsenden und innovativen Unternehmen mit Start-Up Charakter in&hellip;<\/div><a class=\"w-btn us-btn-style_17 usg_btn_1 icon_atright\" href=\"https:\/\/koester-personal.de\/en\/referatsleitung-controlling-in-hamburg-healthcare\/\"><span class=\"w-btn-label\">Mehr lesen<\/span><i class=\"fad fa-long-arrow-right\"><\/i><\/a><\/div>\t\t<\/div>\r\n\t<\/article>\r\n\t<article class=\"w-grid-item size_1x1 post-14284 post type-post status-publish format-standard has-post-thumbnail hentry category-stellenangebote-en\" data-id=\"14284\">\r\n\t\t<div class=\"w-grid-item-h\">\r\n\t\t\t\t\t\t<div class=\"w-post-elm post_image usg_post_image_1 has_ratio\"><div style=\"padding-bottom:75%\"><\/div><a href=\"https:\/\/koester-personal.de\/en\/assistenz-und-kaufmaennischer-allrounder\/\" aria-label=\"Assistenz und kaufm\u00e4nnischer Allrounder\"><img loading=\"lazy\" decoding=\"async\" width=\"706\" height=\"680\" src=\"https:\/\/koester-personal.de\/wp-content\/uploads\/2023\/01\/istockphoto-1205482189-1024x1024-1-e1673351089798.jpg\" class=\"attachment-large size-large wp-post-image\" alt=\"\" srcset=\"https:\/\/koester-personal.de\/wp-content\/uploads\/2023\/01\/istockphoto-1205482189-1024x1024-1-e1673351089798.jpg 706w, https:\/\/koester-personal.de\/wp-content\/uploads\/2023\/01\/istockphoto-1205482189-1024x1024-1-e1673351089798-300x289.jpg 300w\" sizes=\"auto, (max-width: 706px) 100vw, 706px\" \/><\/a><\/div><div class=\"w-vwrapper usg_vwrapper_1 align_left valign_top\"><h5 class=\"w-post-elm post_title usg_post_title_1 entry-title color_link_inherit\"><a href=\"https:\/\/koester-personal.de\/en\/assistenz-und-kaufmaennischer-allrounder\/\">Assistenz und kaufm\u00e4nnischer Allrounder<\/a><\/h5><div class=\"w-post-elm post_content usg_post_content_1\">In einem Unternehmen zu arbeiten, das Menschenleben weltweit rettet macht Sinn, finde ich. Der Bau von mobilen Krankenhausmodulen, die flexibel&hellip;<\/div><a class=\"w-btn us-btn-style_17 usg_btn_1 icon_atright\" href=\"https:\/\/koester-personal.de\/en\/assistenz-und-kaufmaennischer-allrounder\/\"><span class=\"w-btn-label\">Mehr lesen<\/span><i class=\"fad fa-long-arrow-right\"><\/i><\/a><\/div>\t\t<\/div>\r\n\t<\/article>\r\n\t<article class=\"w-grid-item size_1x1 post-14201 post type-post status-publish format-standard has-post-thumbnail hentry category-stellenangebote-en\" data-id=\"14201\">\r\n\t\t<div class=\"w-grid-item-h\">\r\n\t\t\t\t\t\t<div class=\"w-post-elm post_image usg_post_image_1 has_ratio\"><div style=\"padding-bottom:75%\"><\/div><a href=\"https:\/\/koester-personal.de\/en\/stelle-beispiel-2\/\" aria-label=\"Manager Transportation\/Operation in Hamburg\"><img loading=\"lazy\" decoding=\"async\" width=\"1024\" height=\"569\" src=\"https:\/\/koester-personal.de\/wp-content\/uploads\/2023\/05\/iStock-532305959-1024x569.jpg\" class=\"attachment-large size-large wp-post-image\" alt=\"\" srcset=\"https:\/\/koester-personal.de\/wp-content\/uploads\/2023\/05\/iStock-532305959-1024x569.jpg 1024w, https:\/\/koester-personal.de\/wp-content\/uploads\/2023\/05\/iStock-532305959-300x167.jpg 300w\" sizes=\"auto, (max-width: 1024px) 100vw, 1024px\" \/><\/a><\/div><div class=\"w-vwrapper usg_vwrapper_1 align_left valign_top\"><h5 class=\"w-post-elm post_title usg_post_title_1 entry-title color_link_inherit\"><a href=\"https:\/\/koester-personal.de\/en\/stelle-beispiel-2\/\">Manager Transportation\/Operation in Hamburg<\/a><\/h5><div class=\"w-post-elm post_content usg_post_content_1\">Mein Kunde in Hamburg hat Produktionsstandorte in Spanien und Serbien und baut modulare Krankenh\u00e4user aus mobilen Containern, diese werden auf&hellip;<\/div><a class=\"w-btn us-btn-style_17 usg_btn_1 icon_atright\" href=\"https:\/\/koester-personal.de\/en\/stelle-beispiel-2\/\"><span class=\"w-btn-label\">Mehr lesen<\/span><i class=\"fad fa-long-arrow-right\"><\/i><\/a><\/div>\t\t<\/div>\r\n\t<\/article>\r\n\t<article class=\"w-grid-item size_1x1 post-14283 post type-post status-publish format-standard has-post-thumbnail hentry category-stellenangebote-en\" data-id=\"14283\">\r\n\t\t<div class=\"w-grid-item-h\">\r\n\t\t\t\t\t\t<div class=\"w-post-elm post_image usg_post_image_1 has_ratio\"><div style=\"padding-bottom:75%\"><\/div><a href=\"https:\/\/koester-personal.de\/en\/accountant-assistant-in-hamburg-m-w-d\/\" aria-label=\"Accountant Assistant in Hamburg m\/w\/d\"><img loading=\"lazy\" decoding=\"async\" width=\"1024\" height=\"683\" src=\"https:\/\/koester-personal.de\/wp-content\/uploads\/2023\/03\/iStock-1415930073-1024x683.jpg\" class=\"attachment-large size-large wp-post-image\" alt=\"\" srcset=\"https:\/\/koester-personal.de\/wp-content\/uploads\/2023\/03\/iStock-1415930073-1024x683.jpg 1024w, https:\/\/koester-personal.de\/wp-content\/uploads\/2023\/03\/iStock-1415930073-300x200.jpg 300w\" sizes=\"auto, (max-width: 1024px) 100vw, 1024px\" \/><\/a><\/div><div class=\"w-vwrapper usg_vwrapper_1 align_left valign_top\"><h5 class=\"w-post-elm post_title usg_post_title_1 entry-title color_link_inherit\"><a href=\"https:\/\/koester-personal.de\/en\/accountant-assistant-in-hamburg-m-w-d\/\">Accountant Assistant in Hamburg m\/w\/d<\/a><\/h5><div class=\"w-post-elm post_content usg_post_content_1\">Kommen Sie an Bord, auch Schiffe brauchen eine Buchhaltung und mein Kunde hat das Schiffsmanagement der Schiffe \u00fcbernommen. Sie werden&hellip;<\/div><a class=\"w-btn us-btn-style_17 usg_btn_1 icon_atright\" href=\"https:\/\/koester-personal.de\/en\/accountant-assistant-in-hamburg-m-w-d\/\"><span class=\"w-btn-label\">Mehr lesen<\/span><i class=\"fad fa-long-arrow-right\"><\/i><\/a><\/div>\t\t<\/div>\r\n\t<\/article>\r\n\t<article class=\"w-grid-item size_1x1 post-14282 post type-post status-publish format-standard has-post-thumbnail hentry category-stellenangebote-en\" data-id=\"14282\">\r\n\t\t<div class=\"w-grid-item-h\">\r\n\t\t\t\t\t\t<div class=\"w-post-elm post_image usg_post_image_1 has_ratio\"><div style=\"padding-bottom:75%\"><\/div><a href=\"https:\/\/koester-personal.de\/en\/crewing-assistant-in-hamburg-m-w-d\/\" aria-label=\"Crewing Assistant in Hamburg m\/w\/d\"><img loading=\"lazy\" decoding=\"async\" width=\"1024\" height=\"683\" src=\"https:\/\/koester-personal.de\/wp-content\/uploads\/2023\/05\/iStock-1463361182-1024x683.jpg\" class=\"attachment-large size-large wp-post-image\" alt=\"\" srcset=\"https:\/\/koester-personal.de\/wp-content\/uploads\/2023\/05\/iStock-1463361182-1024x683.jpg 1024w, https:\/\/koester-personal.de\/wp-content\/uploads\/2023\/05\/iStock-1463361182-300x200.jpg 300w\" sizes=\"auto, (max-width: 1024px) 100vw, 1024px\" \/><\/a><\/div><div class=\"w-vwrapper usg_vwrapper_1 align_left valign_top\"><h5 class=\"w-post-elm post_title usg_post_title_1 entry-title color_link_inherit\"><a href=\"https:\/\/koester-personal.de\/en\/crewing-assistant-in-hamburg-m-w-d\/\">Crewing Assistant in Hamburg m\/w\/d<\/a><\/h5><div class=\"w-post-elm post_content usg_post_content_1\">Arbeiten in der internationalen Schifffahrtsbranche, mein Kunde \u00fcbernimmt die Auswahl und Betreuung der Seeleute auf den Schiffen. und Sie die&hellip;<\/div><a class=\"w-btn us-btn-style_17 usg_btn_1 icon_atright\" href=\"https:\/\/koester-personal.de\/en\/crewing-assistant-in-hamburg-m-w-d\/\"><span class=\"w-btn-label\">Mehr lesen<\/span><i class=\"fad fa-long-arrow-right\"><\/i><\/a><\/div>\t\t<\/div>\r\n\t<\/article>\r\n<\/div><div class=\"w-grid-preloader\"><div class=\"g-preloader type_1\">\r\n\t<div><\/div>\r\n<\/div>\r\n<\/div>\t<div class=\"w-grid-json hidden\" onclick='return {&quot;action&quot;:&quot;us_ajax_grid&quot;,&quot;ajax_url&quot;:&quot;https:\\\/\\\/koester-personal.de\\\/wp-admin\\\/admin-ajax.php&quot;,&quot;infinite_scroll&quot;:0,&quot;max_num_pages&quot;:1,&quot;pagination&quot;:&quot;ajax&quot;,&quot;permalink_url&quot;:&quot;https:\\\/\\\/koester-personal.de\\\/en\\\/wp-json\\\/wp\\\/v2\\\/pages\\\/14180\\\/&quot;,&quot;template_vars&quot;:{&quot;columns&quot;:&quot;3&quot;,&quot;exclude_items&quot;:&quot;none&quot;,&quot;img_size&quot;:&quot;default&quot;,&quot;ignore_items_size&quot;:0,&quot;items_layout&quot;:&quot;11317&quot;,&quot;items_offset&quot;:&quot;1&quot;,&quot;load_animation&quot;:&quot;none&quot;,&quot;overriding_link&quot;:&quot;none&quot;,&quot;post_id&quot;:14180,&quot;query_args&quot;:{&quot;post_type&quot;:[&quot;post&quot;],&quot;tax_query&quot;:[{&quot;taxonomy&quot;:&quot;category&quot;,&quot;field&quot;:&quot;slug&quot;,&quot;terms&quot;:[&quot;stellenangebote&quot;]}],&quot;post_status&quot;:[&quot;publish&quot;],&quot;posts_per_page&quot;:&quot;12&quot;},&quot;orderby_query_args&quot;:{&quot;orderby&quot;:{&quot;date&quot;:&quot;DESC&quot;}},&quot;type&quot;:&quot;grid&quot;,&quot;us_grid_ajax_index&quot;:1,&quot;us_grid_filter_params&quot;:null,&quot;us_grid_index&quot;:1,&quot;_us_grid_post_type&quot;:&quot;post&quot;,&quot;lang&quot;:&quot;en&quot;}}'><\/div>\r\n\t<\/div><div class=\"w-separator size_medium\"><\/div><\/div><\/div><\/div><\/div><\/div><\/section>\n","protected":false},"excerpt":{"rendered":"Arbeiten in der internationalen Schifffahrtsbranche, mein Kunde \u00fcbernimmt die Auswahl und Betreuung der Seeleute auf den Schiffen. und Sie die kaufm\u00e4nnische Verwaltung der Seeleute. Kommen Sie auch gerne als Quereinsteiger an Bord, denn wir suchen Mitarbeiter m\/w\/d die eine Affinit\u00e4t f\u00fcr Zahlen haben und ausbauf\u00e4hige Englischkenntnisse besitzen. Sie erstellen Rechnungen an die Dienstleister und Reedereien,...","protected":false},"author":1,"featured_media":0,"parent":0,"menu_order":1,"comment_status":"closed","ping_status":"closed","template":"","meta":{"footnotes":""},"class_list":["post-14180","page","type-page","status-publish","hentry"],"yoast_head":"<!-- This site is optimized with the Yoast SEO plugin v20.12 - https:\/\/yoast.com\/wordpress\/plugins\/seo\/ -->\n<title>Vacancies - K\u00f6ster Services GmbH<\/title>\n<meta name=\"robots\" content=\"index, follow, max-snippet:-1, max-image-preview:large, max-video-preview:-1\" \/>\n<link rel=\"canonical\" href=\"https:\/\/koester-personal.de\/en\/vacancies\/\" \/>\n<meta property=\"og:locale\" content=\"en_US\" \/>\n<meta property=\"og:type\" content=\"article\" \/>\n<meta property=\"og:title\" content=\"Vacancies - K\u00f6ster Services GmbH\" \/>\n<meta property=\"og:url\" content=\"https:\/\/koester-personal.de\/en\/vacancies\/\" \/>\n<meta property=\"og:site_name\" content=\"K\u00f6ster Services GmbH\" \/>\n<meta property=\"article:modified_time\" content=\"2024-08-14T06:38:19+00:00\" \/>\n<meta name=\"twitter:card\" content=\"summary_large_image\" \/>\n<meta name=\"twitter:label1\" content=\"Est. reading time\" \/>\n\t<meta name=\"twitter:data1\" content=\"1 minute\" \/>\n<script type=\"application\/ld+json\" class=\"yoast-schema-graph\">{\"@context\":\"https:\/\/schema.org\",\"@graph\":[{\"@type\":\"WebPage\",\"@id\":\"https:\/\/koester-personal.de\/en\/vacancies\/\",\"url\":\"https:\/\/koester-personal.de\/en\/vacancies\/\",\"name\":\"Vacancies - K\u00f6ster Services GmbH\",\"isPartOf\":{\"@id\":\"https:\/\/koester-personal.de\/#website\"},\"datePublished\":\"2022-11-25T11:45:32+00:00\",\"dateModified\":\"2024-08-14T06:38:19+00:00\",\"breadcrumb\":{\"@id\":\"https:\/\/koester-personal.de\/en\/vacancies\/#breadcrumb\"},\"inLanguage\":\"en-US\",\"potentialAction\":[{\"@type\":\"ReadAction\",\"target\":[\"https:\/\/koester-personal.de\/en\/vacancies\/\"]}]},{\"@type\":\"BreadcrumbList\",\"@id\":\"https:\/\/koester-personal.de\/en\/vacancies\/#breadcrumb\",\"itemListElement\":[{\"@type\":\"ListItem\",\"position\":1,\"name\":\"Startseite\",\"item\":\"https:\/\/koester-personal.de\/en\/home\/\"},{\"@type\":\"ListItem\",\"position\":2,\"name\":\"Vacancies\"}]},{\"@type\":\"WebSite\",\"@id\":\"https:\/\/koester-personal.de\/#website\",\"url\":\"https:\/\/koester-personal.de\/\",\"name\":\"K\u00f6ster Services GmbH\",\"description\":\"Entwicklung\",\"potentialAction\":[{\"@type\":\"SearchAction\",\"target\":{\"@type\":\"EntryPoint\",\"urlTemplate\":\"https:\/\/koester-personal.de\/?s={search_term_string}\"},\"query-input\":\"required name=search_term_string\"}],\"inLanguage\":\"en-US\"}]}<\/script>\n<!-- \/ Yoast SEO plugin. -->","yoast_head_json":{"title":"Vacancies - K\u00f6ster Services GmbH","robots":{"index":"index","follow":"follow","max-snippet":"max-snippet:-1","max-image-preview":"max-image-preview:large","max-video-preview":"max-video-preview:-1"},"canonical":"https:\/\/koester-personal.de\/en\/vacancies\/","og_locale":"en_US","og_type":"article","og_title":"Vacancies - K\u00f6ster Services GmbH","og_url":"https:\/\/koester-personal.de\/en\/vacancies\/","og_site_name":"K\u00f6ster Services GmbH","article_modified_time":"2024-08-14T06:38:19+00:00","twitter_card":"summary_large_image","twitter_misc":{"Est. reading time":"1 minute"},"schema":{"@context":"https:\/\/schema.org","@graph":[{"@type":"WebPage","@id":"https:\/\/koester-personal.de\/en\/vacancies\/","url":"https:\/\/koester-personal.de\/en\/vacancies\/","name":"Vacancies - K\u00f6ster Services GmbH","isPartOf":{"@id":"https:\/\/koester-personal.de\/#website"},"datePublished":"2022-11-25T11:45:32+00:00","dateModified":"2024-08-14T06:38:19+00:00","breadcrumb":{"@id":"https:\/\/koester-personal.de\/en\/vacancies\/#breadcrumb"},"inLanguage":"en-US","potentialAction":[{"@type":"ReadAction","target":["https:\/\/koester-personal.de\/en\/vacancies\/"]}]},{"@type":"BreadcrumbList","@id":"https:\/\/koester-personal.de\/en\/vacancies\/#breadcrumb","itemListElement":[{"@type":"ListItem","position":1,"name":"Startseite","item":"https:\/\/koester-personal.de\/en\/home\/"},{"@type":"ListItem","position":2,"name":"Vacancies"}]},{"@type":"WebSite","@id":"https:\/\/koester-personal.de\/#website","url":"https:\/\/koester-personal.de\/","name":"K\u00f6ster Services GmbH","description":"Entwicklung","potentialAction":[{"@type":"SearchAction","target":{"@type":"EntryPoint","urlTemplate":"https:\/\/koester-personal.de\/?s={search_term_string}"},"query-input":"required name=search_term_string"}],"inLanguage":"en-US"}]}},"_links":{"self":[{"href":"https:\/\/koester-personal.de\/en\/wp-json\/wp\/v2\/pages\/14180","targetHints":{"allow":["GET"]}}],"collection":[{"href":"https:\/\/koester-personal.de\/en\/wp-json\/wp\/v2\/pages"}],"about":[{"href":"https:\/\/koester-personal.de\/en\/wp-json\/wp\/v2\/types\/page"}],"author":[{"embeddable":true,"href":"https:\/\/koester-personal.de\/en\/wp-json\/wp\/v2\/users\/1"}],"replies":[{"embeddable":true,"href":"https:\/\/koester-personal.de\/en\/wp-json\/wp\/v2\/comments?post=14180"}],"version-history":[{"count":5,"href":"https:\/\/koester-personal.de\/en\/wp-json\/wp\/v2\/pages\/14180\/revisions"}],"predecessor-version":[{"id":14288,"href":"https:\/\/koester-personal.de\/en\/wp-json\/wp\/v2\/pages\/14180\/revisions\/14288"}],"wp:attachment":[{"href":"https:\/\/koester-personal.de\/en\/wp-json\/wp\/v2\/media?parent=14180"}],"curies":[{"name":"wp","href":"https:\/\/api.w.org\/{rel}","templated":true}]}}