{"id":14279,"date":"2021-12-03T17:58:21","date_gmt":"2021-12-03T16:58:21","guid":{"rendered":"https:\/\/koester-personal.de\/imprint\/"},"modified":"2021-12-03T17:58:21","modified_gmt":"2021-12-03T16:58:21","slug":"imprint","status":"publish","type":"page","link":"https:\/\/koester-personal.de\/en\/imprint\/","title":{"rendered":"Imprint"},"content":{"rendered":"<p>K\u00f6ster Services GmbH Conzestra\u00dfe 14 22587 Hamburg Handelsregister: HRB77795 Registergericht: Amtsgericht Hamburg Vertreten durch: Peter-Emil K\u00f6ster <\/p>\n<h4>Contact<\/h4>\n<p> Telefon: <a href=\"tel:+494035715161\">+49 (0) 40 \u2022 35 71 51 61<\/a> E-Mail: <a href=\"info@koester-personal.de\">info@koester-personal.de<\/a><\/p>\n<h4>Verbraucherstreitbeilegung\/Universalschlichtungsstelle<\/h4>\n<p> Wir sind nicht bereit oder verpflichtet, an Streitbeilegungsverfahren vor einer Verbraucherschlichtungsstelle teilzunehmen.<\/p>\n","protected":false},"excerpt":{"rendered":"<p>K\u00f6ster Services GmbH Conzestra\u00dfe 14 22587 Hamburg Handelsregister: HRB77795 Registergericht: Amtsgericht Hamburg Vertreten durch: Peter-Emil K\u00f6ster Contact Telefon: +49 (0) 40 \u2022 35 71 51 61 E-Mail: info@koester-personal.de Verbraucherstreitbeilegung\/Universalschlichtungsstelle Wir sind nicht bereit oder verpflichtet, an Streitbeilegungsverfahren vor einer Verbraucherschlichtungsstelle teilzunehmen.<\/p>\n","protected":false},"author":1,"featured_media":0,"parent":0,"menu_order":14,"comment_status":"closed","ping_status":"closed","template":"","meta":{"footnotes":""},"class_list":["post-14279","page","type-page","status-publish","hentry"],"yoast_head":"<!-- This site is optimized with the Yoast SEO plugin v20.12 - https:\/\/yoast.com\/wordpress\/plugins\/seo\/ -->\n<title>Imprint - K\u00f6ster Services GmbH<\/title>\n<meta name=\"robots\" content=\"noindex, nofollow\" \/>\n<meta property=\"og:locale\" content=\"en_US\" \/>\n<meta property=\"og:type\" content=\"article\" \/>\n<meta property=\"og:title\" content=\"Imprint - K\u00f6ster Services GmbH\" \/>\n<meta property=\"og:description\" content=\"K\u00f6ster Services GmbH Conzestra\u00dfe 14 22587 Hamburg Handelsregister: HRB77795 Registergericht: Amtsgericht Hamburg Vertreten durch: Peter-Emil K\u00f6ster Contact Telefon: +49 (0) 40 \u2022 35 71 51 61 E-Mail: info@koester-personal.de Verbraucherstreitbeilegung\/Universalschlichtungsstelle Wir sind nicht bereit oder verpflichtet, an Streitbeilegungsverfahren vor einer Verbraucherschlichtungsstelle teilzunehmen.\" \/>\n<meta property=\"og:url\" content=\"https:\/\/koester-personal.de\/en\/imprint\/\" \/>\n<meta property=\"og:site_name\" content=\"K\u00f6ster Services GmbH\" \/>\n<meta name=\"twitter:card\" content=\"summary_large_image\" \/>\n<script type=\"application\/ld+json\" class=\"yoast-schema-graph\">{\"@context\":\"https:\/\/schema.org\",\"@graph\":[{\"@type\":\"WebPage\",\"@id\":\"https:\/\/koester-personal.de\/en\/imprint\/\",\"url\":\"https:\/\/koester-personal.de\/en\/imprint\/\",\"name\":\"Imprint - K\u00f6ster Services GmbH\",\"isPartOf\":{\"@id\":\"https:\/\/koester-personal.de\/#website\"},\"datePublished\":\"2021-12-03T16:58:21+00:00\",\"dateModified\":\"2021-12-03T16:58:21+00:00\",\"breadcrumb\":{\"@id\":\"https:\/\/koester-personal.de\/en\/imprint\/#breadcrumb\"},\"inLanguage\":\"en-US\",\"potentialAction\":[{\"@type\":\"ReadAction\",\"target\":[\"https:\/\/koester-personal.de\/en\/imprint\/\"]}]},{\"@type\":\"BreadcrumbList\",\"@id\":\"https:\/\/koester-personal.de\/en\/imprint\/#breadcrumb\",\"itemListElement\":[{\"@type\":\"ListItem\",\"position\":1,\"name\":\"Startseite\",\"item\":\"https:\/\/koester-personal.de\/en\/home\/\"},{\"@type\":\"ListItem\",\"position\":2,\"name\":\"Imprint\"}]},{\"@type\":\"WebSite\",\"@id\":\"https:\/\/koester-personal.de\/#website\",\"url\":\"https:\/\/koester-personal.de\/\",\"name\":\"K\u00f6ster Services GmbH\",\"description\":\"Entwicklung\",\"potentialAction\":[{\"@type\":\"SearchAction\",\"target\":{\"@type\":\"EntryPoint\",\"urlTemplate\":\"https:\/\/koester-personal.de\/?s={search_term_string}\"},\"query-input\":\"required name=search_term_string\"}],\"inLanguage\":\"en-US\"}]}<\/script>\n<!-- \/ Yoast SEO plugin. -->","yoast_head_json":{"title":"Imprint - K\u00f6ster Services GmbH","robots":{"index":"noindex","follow":"nofollow"},"og_locale":"en_US","og_type":"article","og_title":"Imprint - K\u00f6ster Services GmbH","og_description":"K\u00f6ster Services GmbH Conzestra\u00dfe 14 22587 Hamburg Handelsregister: HRB77795 Registergericht: Amtsgericht Hamburg Vertreten durch: Peter-Emil K\u00f6ster Contact Telefon: +49 (0) 40 \u2022 35 71 51 61 E-Mail: info@koester-personal.de Verbraucherstreitbeilegung\/Universalschlichtungsstelle Wir sind nicht bereit oder verpflichtet, an Streitbeilegungsverfahren vor einer Verbraucherschlichtungsstelle teilzunehmen.","og_url":"https:\/\/koester-personal.de\/en\/imprint\/","og_site_name":"K\u00f6ster Services GmbH","twitter_card":"summary_large_image","schema":{"@context":"https:\/\/schema.org","@graph":[{"@type":"WebPage","@id":"https:\/\/koester-personal.de\/en\/imprint\/","url":"https:\/\/koester-personal.de\/en\/imprint\/","name":"Imprint - K\u00f6ster Services GmbH","isPartOf":{"@id":"https:\/\/koester-personal.de\/#website"},"datePublished":"2021-12-03T16:58:21+00:00","dateModified":"2021-12-03T16:58:21+00:00","breadcrumb":{"@id":"https:\/\/koester-personal.de\/en\/imprint\/#breadcrumb"},"inLanguage":"en-US","potentialAction":[{"@type":"ReadAction","target":["https:\/\/koester-personal.de\/en\/imprint\/"]}]},{"@type":"BreadcrumbList","@id":"https:\/\/koester-personal.de\/en\/imprint\/#breadcrumb","itemListElement":[{"@type":"ListItem","position":1,"name":"Startseite","item":"https:\/\/koester-personal.de\/en\/home\/"},{"@type":"ListItem","position":2,"name":"Imprint"}]},{"@type":"WebSite","@id":"https:\/\/koester-personal.de\/#website","url":"https:\/\/koester-personal.de\/","name":"K\u00f6ster Services GmbH","description":"Entwicklung","potentialAction":[{"@type":"SearchAction","target":{"@type":"EntryPoint","urlTemplate":"https:\/\/koester-personal.de\/?s={search_term_string}"},"query-input":"required name=search_term_string"}],"inLanguage":"en-US"}]}},"_links":{"self":[{"href":"https:\/\/koester-personal.de\/en\/wp-json\/wp\/v2\/pages\/14279","targetHints":{"allow":["GET"]}}],"collection":[{"href":"https:\/\/koester-personal.de\/en\/wp-json\/wp\/v2\/pages"}],"about":[{"href":"https:\/\/koester-personal.de\/en\/wp-json\/wp\/v2\/types\/page"}],"author":[{"embeddable":true,"href":"https:\/\/koester-personal.de\/en\/wp-json\/wp\/v2\/users\/1"}],"replies":[{"embeddable":true,"href":"https:\/\/koester-personal.de\/en\/wp-json\/wp\/v2\/comments?post=14279"}],"version-history":[{"count":0,"href":"https:\/\/koester-personal.de\/en\/wp-json\/wp\/v2\/pages\/14279\/revisions"}],"wp:attachment":[{"href":"https:\/\/koester-personal.de\/en\/wp-json\/wp\/v2\/media?parent=14279"}],"curies":[{"name":"wp","href":"https:\/\/api.w.org\/{rel}","templated":true}]}}